{"id":9846,"date":"2019-06-14T22:30:11","date_gmt":"2019-06-15T04:30:11","guid":{"rendered":"https:\/\/uqmrrv4ffo.onrocket.site\/?page_id=9846"},"modified":"2019-10-26T13:11:26","modified_gmt":"2019-10-26T19:11:26","slug":"cancun","status":"publish","type":"page","link":"https:\/\/stemcellstransplantinstitute.com\/es\/cancun\/","title":{"rendered":"Canc\u00fan"},"content":{"rendered":"\t\t<div data-elementor-type=\"wp-post\" data-elementor-id=\"9846\" class=\"elementor elementor-9846\" data-elementor-post-type=\"page\">\n\t\t\t\t\t\t<section class=\"elementor-section elementor-top-section elementor-element elementor-element-90996cc elementor-section-boxed elementor-section-height-default elementor-section-height-default\" data-id=\"90996cc\" data-element_type=\"section\" data-e-type=\"section\" data-settings=\"{&quot;background_background&quot;:&quot;classic&quot;}\">\n\t\t\t\t\t\t\t<div class=\"elementor-background-overlay\"><\/div>\n\t\t\t\t\t\t\t<div class=\"elementor-container elementor-column-gap-default\">\n\t\t\t\t\t<div class=\"elementor-column elementor-col-100 elementor-top-column elementor-element elementor-element-cc7b746\" data-id=\"cc7b746\" data-element_type=\"column\" data-e-type=\"column\">\n\t\t\t<div class=\"elementor-widget-wrap elementor-element-populated\">\n\t\t\t\t\t\t<div class=\"elementor-element elementor-element-c898a12 elementor-widget elementor-widget-heading\" data-id=\"c898a12\" data-element_type=\"widget\" data-e-type=\"widget\" data-widget_type=\"heading.default\">\n\t\t\t\t\t<h2 class=\"elementor-heading-title elementor-size-default\">Canc\u00fan<\/h2>\t\t\t\t<\/div>\n\t\t\t\t<div class=\"elementor-element elementor-element-9d03993 elementor-widget elementor-widget-heading\" data-id=\"9d03993\" data-element_type=\"widget\" data-e-type=\"widget\" data-widget_type=\"heading.default\">\n\t\t\t\t\t<h2 class=\"elementor-heading-title elementor-size-default\">Medicina Regenerativa de alta Calidad para Pacientes en Cancun, M\u00e9xico.<\/h2>\t\t\t\t<\/div>\n\t\t\t\t<div class=\"elementor-element elementor-element-7d93045 elementor-widget-divider--view-line elementor-widget elementor-widget-divider\" data-id=\"7d93045\" data-element_type=\"widget\" data-e-type=\"widget\" data-widget_type=\"divider.default\">\n\t\t\t\t\t\t\t<div class=\"elementor-divider\">\n\t\t\t<span class=\"elementor-divider-separator\">\n\t\t\t\t\t\t<\/span>\n\t\t<\/div>\n\t\t\t\t\t\t<\/div>\n\t\t\t\t\t<\/div>\n\t\t<\/div>\n\t\t\t\t\t<\/div>\n\t\t<\/section>\n\t\t\t\t<section class=\"elementor-section elementor-top-section elementor-element elementor-element-fd4d80d elementor-section-boxed elementor-section-height-default elementor-section-height-default\" data-id=\"fd4d80d\" data-element_type=\"section\" data-e-type=\"section\" data-settings=\"{&quot;background_background&quot;:&quot;classic&quot;}\">\n\t\t\t\t\t\t<div class=\"elementor-container elementor-column-gap-default\">\n\t\t\t\t\t<div class=\"elementor-column elementor-col-100 elementor-top-column elementor-element elementor-element-8f6cfd3\" data-id=\"8f6cfd3\" data-element_type=\"column\" data-e-type=\"column\">\n\t\t\t<div class=\"elementor-widget-wrap elementor-element-populated\">\n\t\t\t\t\t\t<section class=\"elementor-section elementor-inner-section elementor-element elementor-element-9e80d7d elementor-section-boxed elementor-section-height-default elementor-section-height-default\" data-id=\"9e80d7d\" data-element_type=\"section\" data-e-type=\"section\" data-settings=\"{&quot;background_background&quot;:&quot;classic&quot;}\">\n\t\t\t\t\t\t<div class=\"elementor-container elementor-column-gap-default\">\n\t\t\t\t\t<div class=\"elementor-column elementor-col-50 elementor-inner-column elementor-element elementor-element-d57a8b8\" data-id=\"d57a8b8\" data-element_type=\"column\" data-e-type=\"column\">\n\t\t\t<div class=\"elementor-widget-wrap elementor-element-populated\">\n\t\t\t\t\t\t<div class=\"elementor-element elementor-element-6092345 elementor-widget elementor-widget-image\" data-id=\"6092345\" data-element_type=\"widget\" data-e-type=\"widget\" data-widget_type=\"image.default\">\n\t\t\t\t\t\t\t\t\t\t\t\t\t\t\t<img fetchpriority=\"high\" decoding=\"async\" width=\"580\" height=\"363\" src=\"https:\/\/stemcellstransplantinstitute.com\/wp-content\/uploads\/2019\/06\/terapia-de-celulas-madre-en-cancun.jpg\" class=\"attachment-large size-large wp-image-9848\" alt=\"- Stem Cells Costa Rica\" srcset=\"https:\/\/stemcellstransplantinstitute.com\/wp-content\/uploads\/2019\/06\/terapia-de-celulas-madre-en-cancun.jpg 580w, https:\/\/stemcellstransplantinstitute.com\/wp-content\/uploads\/2019\/06\/terapia-de-celulas-madre-en-cancun-300x188.jpg 300w\" sizes=\"(max-width: 580px) 100vw, 580px\" title=\"Stem Cells\">\t\t\t\t\t\t\t\t\t\t\t\t\t\t\t<\/div>\n\t\t\t\t\t<\/div>\n\t\t<\/div>\n\t\t\t\t<div class=\"elementor-column elementor-col-50 elementor-inner-column elementor-element elementor-element-22d88b2\" data-id=\"22d88b2\" data-element_type=\"column\" data-e-type=\"column\" data-settings=\"{&quot;background_background&quot;:&quot;classic&quot;}\">\n\t\t\t<div class=\"elementor-widget-wrap elementor-element-populated\">\n\t\t\t\t\t\t<div class=\"elementor-element elementor-element-9aaa39b elementor-widget elementor-widget-text-editor\" data-id=\"9aaa39b\" data-element_type=\"widget\" data-e-type=\"widget\" data-widget_type=\"text-editor.default\">\n\t\t\t\t\t\t\t\t\t<p>La evidencia cl\u00ednica del beneficio de las innovadoras terapias con c\u00e9lulas madre crece a pasos agigantados alrededor del mundo, por lo que <strong><em>Stem Cells Transplant Intitute<\/em><\/strong> ofrece Medicina Regenerativa de alta calidad para Estados Unidos, M\u00e9xico, Am\u00e9rica Central y el Caribe.<\/p><p>\u00a0<\/p><p>El tratamiento con C\u00e9lulas Madre en Costa Rica se ha aplicado desde ya hace varios a\u00f1os, obteniendo resultados muy positivos en los pacientes, por lo que queremos extender nuestros servicios a los pacientes de Cancun.<\/p>\t\t\t\t\t\t\t\t<\/div>\n\t\t\t\t\t<\/div>\n\t\t<\/div>\n\t\t\t\t\t<\/div>\n\t\t<\/section>\n\t\t\t\t<section class=\"elementor-section elementor-inner-section elementor-element elementor-element-907ac05 elementor-section-boxed elementor-section-height-default elementor-section-height-default\" data-id=\"907ac05\" data-element_type=\"section\" data-e-type=\"section\" data-settings=\"{&quot;background_background&quot;:&quot;classic&quot;}\">\n\t\t\t\t\t\t<div class=\"elementor-container elementor-column-gap-default\">\n\t\t\t\t\t<div class=\"elementor-column elementor-col-50 elementor-inner-column elementor-element elementor-element-754586f\" data-id=\"754586f\" data-element_type=\"column\" data-e-type=\"column\" data-settings=\"{&quot;background_background&quot;:&quot;classic&quot;}\">\n\t\t\t<div class=\"elementor-widget-wrap elementor-element-populated\">\n\t\t\t\t\t\t<div class=\"elementor-element elementor-element-63751b0 elementor-widget elementor-widget-text-editor\" data-id=\"63751b0\" data-element_type=\"widget\" data-e-type=\"widget\" data-widget_type=\"text-editor.default\">\n\t\t\t\t\t\t\t\t\t<p><strong>\u00bfPor qu\u00e9 realizarlo en Costa Rica y no en Cancun?<\/strong><\/p><p>Costa Rica es un de los pa\u00edses preferidos para el Turismo M\u00e9dico por muchos de sus ventajas en cuento a seguridad, costo, alta calidad de educaci\u00f3n y un privilegiado sistema de salud, sin mencionar todas sus virtudes tur\u00edsticas.<\/p><p>La Organizaci\u00f3n Mundial de la Salud ha clasificado a Costa Rica como uno de los tres principales sistemas de salud en Am\u00e9rica Latina. La naci\u00f3n se ubica de manera consistente por encima de muchos pa\u00edses industrializados, incluyendo Canad\u00e1 y Estados Unidos.<\/p><p>\u00a0<\/p>\t\t\t\t\t\t\t\t<\/div>\n\t\t\t\t\t<\/div>\n\t\t<\/div>\n\t\t\t\t<div class=\"elementor-column elementor-col-50 elementor-inner-column elementor-element elementor-element-03805c2\" data-id=\"03805c2\" data-element_type=\"column\" data-e-type=\"column\">\n\t\t\t<div class=\"elementor-widget-wrap elementor-element-populated\">\n\t\t\t\t\t\t<div class=\"elementor-element elementor-element-45cc4e4 elementor-widget elementor-widget-image\" data-id=\"45cc4e4\" data-element_type=\"widget\" data-e-type=\"widget\" data-widget_type=\"image.default\">\n\t\t\t\t\t\t\t\t\t\t\t\t\t\t\t<img decoding=\"async\" width=\"500\" height=\"334\" src=\"https:\/\/stemcellstransplantinstitute.com\/wp-content\/uploads\/2019\/04\/the-stem-cells-clinic-in-costa-rica.jpg\" class=\"attachment-large size-large wp-image-7449\" alt=\"The Stem Cells Transplant Institute in Costa Rica\" srcset=\"https:\/\/stemcellstransplantinstitute.com\/wp-content\/uploads\/2019\/04\/the-stem-cells-clinic-in-costa-rica.jpg 500w, https:\/\/stemcellstransplantinstitute.com\/wp-content\/uploads\/2019\/04\/the-stem-cells-clinic-in-costa-rica-300x200.jpg 300w\" sizes=\"(max-width: 500px) 100vw, 500px\" title=\"Stem Cells\">\t\t\t\t\t\t\t\t\t\t\t\t\t\t\t<\/div>\n\t\t\t\t\t<\/div>\n\t\t<\/div>\n\t\t\t\t\t<\/div>\n\t\t<\/section>\n\t\t\t\t<section class=\"elementor-section elementor-inner-section elementor-element elementor-element-21165ec elementor-section-boxed elementor-section-height-default elementor-section-height-default\" data-id=\"21165ec\" data-element_type=\"section\" data-e-type=\"section\" data-settings=\"{&quot;background_background&quot;:&quot;classic&quot;}\">\n\t\t\t\t\t\t<div class=\"elementor-container elementor-column-gap-default\">\n\t\t\t\t\t<div class=\"elementor-column elementor-col-100 elementor-inner-column elementor-element elementor-element-8d3947d\" data-id=\"8d3947d\" data-element_type=\"column\" data-e-type=\"column\" data-settings=\"{&quot;background_background&quot;:&quot;classic&quot;}\">\n\t\t\t<div class=\"elementor-widget-wrap elementor-element-populated\">\n\t\t\t\t\t\t<div class=\"elementor-element elementor-element-23e8e71 elementor-widget elementor-widget-text-editor\" data-id=\"23e8e71\" data-element_type=\"widget\" data-e-type=\"widget\" data-widget_type=\"text-editor.default\">\n\t\t\t\t\t\t\t\t\t<p><strong><em>Stem Cells Transplant Institute<\/em><\/strong>, ubicado en San Jos\u00e9, Costa Rica, opera bajo la direcci\u00f3n del Dr. Leslie Mes\u00e9n, m\u00e9dico pionero en el uso de Terapias\u00a0 basadas en c\u00e9lulas Madre en Costa Rica y Centroam\u00e9rica.\u00a0<strong><em>Stem Cells Transplante Institute<\/em><\/strong>\u00a0es un Instituto, serio, confiable, seguro, que ofrece servicios de alta calidad. El Dr. Mes\u00e9n es certificado por\u00a0<em>The American Academy of Anti Aging and Regenerative Medicine<\/em>\u00a0y director del ISSCA (<em>International Society for Stem Cells Application<\/em>) para Centroam\u00e9rica y el Caribe.<\/p><p>En nuestro instituto estamos comprometidos a brindarle terapias basadas en c\u00e9lulas madre de alta calidad.<\/p><p><strong>\u00bfQue es la Medicina Regenerativa?<\/strong><\/p><p>La capacidad que tiene el organismo humano de curarse a s\u00ed mismo se conoce como <em>Regeneraci\u00f3n<\/em>. Dos de los grandes pilares de la medicina regenerativa son:\u00a0 las c\u00e9lulas madre y los factores de crecimiento que potencian la regeneraci\u00f3n tisular y estimulan a las c\u00e9lulas madre.<\/p><p><strong>\u00bfComo act\u00faan las c\u00e9lulas Madre?<\/strong><\/p><p>Las c\u00e9lulas llegan al lugar de lesi\u00f3n y <strong>se convierten en c\u00e9lulas del tejido que las recibe<\/strong>, por ejemplo, cuando llegan a un cart\u00edlago da\u00f1ado, entonces las c\u00e9lulas se convertir\u00e1n en condrocitos (las c\u00e9lulas que forman el cart\u00edlago), ofreciendo una nueva fuente de c\u00e9lulas madre.<\/p><p>Las c\u00e9lulas adem\u00e1s,\u00a0 llegan al lugar de lesi\u00f3n y <strong>estimulan mecanismos de auto-reparaci\u00f3n<\/strong>, revitalizan el tejido y preservan el tejido sano, mediante la liberaci\u00f3n de <em>factores de crecimiento plaquetarios<\/em>. Las plaquetas m\u00e1s que cualquier otra c\u00e9lula sangu\u00ednea, producen mol\u00e9culas para regenerar y reparar el tejido, son las part\u00edculas que por excelencia est\u00e1n implicadas en todos los procesos de curaci\u00f3n de nuestro organismo. Se conocen m\u00e1s de 100 factores de crecimiento plaquetarios con actividades espec\u00edficas que promueven la regeneraci\u00f3n de los tejidos.<\/p><p><strong>\u00bfC\u00f3mo se trasplantan las c\u00e9lulas?<\/strong><\/p><p>Las c\u00e9lulas madre se pueden aislar <em>in vitro<\/em> partir de una peque\u00f1a muestra de tejido de un donante, y ser estimuladas para diferenciarse en el tipo de c\u00e9lula que se necesite, para luego ser trasplantadas en la misma persona de la cual proceden o en otro individuo<sup>1<\/sup><\/p><p>Las c\u00e9lulas madre pueden ser introducidas o trasplantadas en el organismo por diferentes v\u00edas: Intravenosa, Intratecal, Intralesional, de forma subcut\u00e1nea o mediante nebulizaci\u00f3n, pero \u00bfUna vez introducidas al organismo, c\u00f3mo llegan exactamente al lugar requerido?<\/p><p><strong>\u00bfC\u00f3mo se extraen las c\u00e9lulas madre de las muestras de tejido \u00bfTodas las cl\u00ednicas utilizan los mismos procedimientos?<\/strong><\/p><p>La muestra biol\u00f3gica del donante (tejido adiposo, m\u00e9dula \u00f3sea, cord\u00f3n umbilical, etc) se somete en el laboratorio a una fase de lavado y filtraci\u00f3n, para eliminar c\u00e9lulas y restos tisulares indeseables, antes de pasar al proceso de extracci\u00f3n, concentraci\u00f3n y cuantificaci\u00f3n de las c\u00e9lulas madre aisladas; para ello se utilizan dispositivos y reactivos especiales y se aplican protocolos validados internacionalmente<sup>1<\/sup>.<\/p><p>Comprendiendo esto es muy importante que los pacientes se aseguren de realizar los procedimientos en lugares validados, certificados y que cuenten con experiencia en terapia Regenerativa.<\/p><p>Si usted es residente de Cancun, M\u00e9xico y est\u00e1 interesado en saber m\u00e1s sobre como podr\u00edan beneficiarse de las terapias con c\u00e9lulas madre, comun\u00edquese hoy mismo con el <strong><em>Stem Cells Transplant Institute<\/em><\/strong> en Costa Rica. Estaremos felices de poder resolver cualquiera de sus dudas o inquietudes.<\/p><p><strong>Referencias cient\u00edficas:<\/strong><\/p><ol class=\"referencias\"><li>Bajek A, Gurtowska N, Olkowska J, Kazmierski L, Maj M, Drewa T. Adipose-Derived Stem Cells as a Tool in Cell-Based Therapies. Arch Immunol Ther Exp (Warsz). 2016;64(6):443-454.<\/li><\/ol>\t\t\t\t\t\t\t\t<\/div>\n\t\t\t\t<div class=\"elementor-element elementor-element-02238d5 elementor-align-center elementor-widget elementor-widget-button\" data-id=\"02238d5\" data-element_type=\"widget\" data-e-type=\"widget\" data-widget_type=\"button.default\">\n\t\t\t\t\t\t\t\t\t\t<a class=\"elementor-button elementor-button-link elementor-size-lg\" href=\"#contact\">\n\t\t\t\t\t\t<span class=\"elementor-button-content-wrapper\">\n\t\t\t\t\t\t<span class=\"elementor-button-icon\">\n\t\t\t\t<svg aria-hidden=\"true\" class=\"e-font-icon-svg e-far-hand-point-right\" viewBox=\"0 0 512 512\" xmlns=\"http:\/\/www.w3.org\/2000\/svg\"><path d=\"M428.8 137.6h-86.177a115.52 115.52 0 0 0 2.176-22.4c0-47.914-35.072-83.2-92-83.2-45.314 0-57.002 48.537-75.707 78.784-7.735 12.413-16.994 23.317-25.851 33.253l-.131.146-.129.148C135.662 161.807 127.764 168 120.8 168h-2.679c-5.747-4.952-13.536-8-22.12-8H32c-17.673 0-32 12.894-32 28.8v230.4C0 435.106 14.327 448 32 448h64c8.584 0 16.373-3.048 22.12-8h2.679c28.688 0 67.137 40 127.2 40h21.299c62.542 0 98.8-38.658 99.94-91.145 12.482-17.813 18.491-40.785 15.985-62.791A93.148 93.148 0 0 0 393.152 304H428.8c45.435 0 83.2-37.584 83.2-83.2 0-45.099-38.101-83.2-83.2-83.2zm0 118.4h-91.026c12.837 14.669 14.415 42.825-4.95 61.05 11.227 19.646 1.687 45.624-12.925 53.625 6.524 39.128-10.076 61.325-50.6 61.325H248c-45.491 0-77.21-35.913-120-39.676V215.571c25.239-2.964 42.966-21.222 59.075-39.596 11.275-12.65 21.725-25.3 30.799-39.875C232.355 112.712 244.006 80 252.8 80c23.375 0 44 8.8 44 35.2 0 35.2-26.4 53.075-26.4 70.4h158.4c18.425 0 35.2 16.5 35.2 35.2 0 18.975-16.225 35.2-35.2 35.2zM88 384c0 13.255-10.745 24-24 24s-24-10.745-24-24 10.745-24 24-24 24 10.745 24 24z\"><\/path><\/svg>\t\t\t<\/span>\n\t\t\t\t\t\t\t\t\t<span class=\"elementor-button-text\">Aplicar aqu\u00ed<\/span>\n\t\t\t\t\t<\/span>\n\t\t\t\t\t<\/a>\n\t\t\t\t\t\t\t\t<\/div>\n\t\t\t\t<div class=\"elementor-element elementor-element-ed346ee elementor-widget elementor-widget-html\" data-id=\"ed346ee\" data-element_type=\"widget\" data-e-type=\"widget\" data-widget_type=\"html.default\">\n\t\t\t\t\t<iframe src=\"https:\/\/www.google.com\/maps\/d\/embed?mid=1PcdALnqyYMhjpSQJQvo3mT5wJ0xuq_o3\" width=\"640\" height=\"480\"><\/iframe>\t\t\t\t<\/div>\n\t\t\t\t\t<\/div>\n\t\t<\/div>\n\t\t\t\t\t<\/div>\n\t\t<\/section>\n\t\t\t\t\t<\/div>\n\t\t<\/div>\n\t\t\t\t\t<\/div>\n\t\t<\/section>\n\t\t\t\t<section class=\"elementor-section elementor-top-section elementor-element elementor-element-17769ba9 elementor-section-boxed elementor-section-height-default elementor-section-height-default\" data-id=\"17769ba9\" data-element_type=\"section\" data-e-type=\"section\" id=\"contact\" data-settings=\"{&quot;background_background&quot;:&quot;classic&quot;}\">\n\t\t\t\t\t\t<div class=\"elementor-container elementor-column-gap-default\">\n\t\t\t\t\t<div class=\"elementor-column elementor-col-100 elementor-top-column elementor-element elementor-element-637ace60\" data-id=\"637ace60\" data-element_type=\"column\" data-e-type=\"column\">\n\t\t\t<div class=\"elementor-widget-wrap elementor-element-populated\">\n\t\t\t\t\t\t<section class=\"elementor-section elementor-inner-section elementor-element elementor-element-72c45457 elementor-section-boxed elementor-section-height-default elementor-section-height-default\" data-id=\"72c45457\" data-element_type=\"section\" data-e-type=\"section\" data-settings=\"{&quot;background_background&quot;:&quot;classic&quot;}\">\n\t\t\t\t\t\t<div class=\"elementor-container elementor-column-gap-default\">\n\t\t\t\t\t<div class=\"elementor-column elementor-col-100 elementor-inner-column elementor-element elementor-element-12f7b7fd\" data-id=\"12f7b7fd\" data-element_type=\"column\" data-e-type=\"column\">\n\t\t\t<div class=\"elementor-widget-wrap elementor-element-populated\">\n\t\t\t\t\t\t<div class=\"elementor-element elementor-element-a32271c elementor-widget elementor-widget-heading\" data-id=\"a32271c\" data-element_type=\"widget\" data-e-type=\"widget\" data-widget_type=\"heading.default\">\n\t\t\t\t\t<h2 class=\"elementor-heading-title elementor-size-default\">Cont\u00e1ctenos<\/h2>\t\t\t\t<\/div>\n\t\t\t\t<div class=\"elementor-element elementor-element-43b4a5ce elementor-widget elementor-widget-text-editor\" data-id=\"43b4a5ce\" data-element_type=\"widget\" data-e-type=\"widget\" data-widget_type=\"text-editor.default\">\n\t\t\t\t\t\t\t\t\t<p>\u00bfTienes alguna pregunta? Llena este formulario y te contactaremos en breve.<\/p>\t\t\t\t\t\t\t\t<\/div>\n\t\t\t\t<div class=\"elementor-element elementor-element-77e8471b cityform elementor-widget elementor-widget-shortcode\" data-id=\"77e8471b\" data-element_type=\"widget\" data-e-type=\"widget\" data-widget_type=\"shortcode.default\">\n\t\t\t\t\t\t\t<div class=\"elementor-shortcode\">[contact-form-7 id=\"11678\" title=\"Landing page form Spanish\"]<\/div>\n\t\t\t\t\t\t<\/div>\n\t\t\t\t\t<\/div>\n\t\t<\/div>\n\t\t\t\t\t<\/div>\n\t\t<\/section>\n\t\t\t\t\t<\/div>\n\t\t<\/div>\n\t\t\t\t\t<\/div>\n\t\t<\/section>\n\t\t\t\t<\/div>\n\t\t","protected":false},"excerpt":{"rendered":"<p>Canc\u00fan Medicina Regenerativa de alta Calidad para Pacientes en Cancun, M\u00e9xico. La evidencia cl\u00ednica del beneficio de las innovadoras terapias con c\u00e9lulas madre crece a pasos agigantados alrededor del mundo, por lo que Stem Cells Transplant Intitute ofrece Medicina Regenerativa de alta calidad para Estados Unidos, M\u00e9xico, Am\u00e9rica Central y el Caribe. \u00a0 El tratamiento [&hellip;]<\/p>\n","protected":false},"author":1,"featured_media":0,"parent":0,"menu_order":0,"comment_status":"closed","ping_status":"closed","template":"elementor_header_footer","meta":{"footnotes":""},"class_list":["post-9846","page","type-page","status-publish","hentry"],"_links":{"self":[{"href":"https:\/\/stemcellstransplantinstitute.com\/es\/wp-json\/wp\/v2\/pages\/9846","targetHints":{"allow":["GET"]}}],"collection":[{"href":"https:\/\/stemcellstransplantinstitute.com\/es\/wp-json\/wp\/v2\/pages"}],"about":[{"href":"https:\/\/stemcellstransplantinstitute.com\/es\/wp-json\/wp\/v2\/types\/page"}],"author":[{"embeddable":true,"href":"https:\/\/stemcellstransplantinstitute.com\/es\/wp-json\/wp\/v2\/users\/1"}],"replies":[{"embeddable":true,"href":"https:\/\/stemcellstransplantinstitute.com\/es\/wp-json\/wp\/v2\/comments?post=9846"}],"version-history":[{"count":0,"href":"https:\/\/stemcellstransplantinstitute.com\/es\/wp-json\/wp\/v2\/pages\/9846\/revisions"}],"wp:attachment":[{"href":"https:\/\/stemcellstransplantinstitute.com\/es\/wp-json\/wp\/v2\/media?parent=9846"}],"curies":[{"name":"wp","href":"https:\/\/api.w.org\/{rel}","templated":true}]}}