{"id":8831,"date":"2017-08-30T20:32:35","date_gmt":"2017-08-30T20:32:35","guid":{"rendered":"https:\/\/uqmrrv4ffo.onrocket.site\/medical-resources\/"},"modified":"2026-05-04T08:35:04","modified_gmt":"2026-05-04T14:35:04","slug":"recursos-medicos","status":"publish","type":"page","link":"https:\/\/stemcellstransplantinstitute.com\/es\/recursos-medicos\/","title":{"rendered":"Recursos Medicos"},"content":{"rendered":"\t\t<div data-elementor-type=\"wp-post\" data-elementor-id=\"8831\" class=\"elementor elementor-8831 elementor-4004\" data-elementor-post-type=\"page\">\n\t\t\t\t<div class=\"elementor-element elementor-element-6bf4646 e-flex e-con-boxed e-con e-parent\" data-id=\"6bf4646\" data-element_type=\"container\" data-e-type=\"container\" data-settings=\"{&quot;background_background&quot;:&quot;classic&quot;}\">\n\t\t\t\t\t<div class=\"e-con-inner\">\n\t\t<div class=\"elementor-element elementor-element-f11c4ca e-con-full e-flex e-con e-child\" data-id=\"f11c4ca\" data-element_type=\"container\" data-e-type=\"container\">\n\t\t\t\t<div class=\"elementor-element elementor-element-baefd76 elementor-widget elementor-widget-heading\" data-id=\"baefd76\" data-element_type=\"widget\" data-e-type=\"widget\" data-widget_type=\"heading.default\">\n\t\t\t\t\t<h1 class=\"elementor-heading-title elementor-size-default\">Recursos Medicos<\/h1>\t\t\t\t<\/div>\n\t\t\t\t<div class=\"elementor-element elementor-element-281358c elementor-widget elementor-widget-text-editor\" data-id=\"281358c\" data-element_type=\"widget\" data-e-type=\"widget\" data-widget_type=\"text-editor.default\">\n\t\t\t\t\t\t\t\t\t<p>Los siguientes recursos incluyen socios de confianza, plataformas educativas y organizaciones alineadas con nuestra misi\u00f3n de promover una atenci\u00f3n regenerativa segura, \u00e9tica y basada en la ciencia.<\/p>\t\t\t\t\t\t\t\t<\/div>\n\t\t\t\t<\/div>\n\t\t\t\t\t<\/div>\n\t\t\t\t<\/div>\n\t\t<div class=\"elementor-element elementor-element-1fdd49a e-grid e-con-boxed e-con e-parent\" data-id=\"1fdd49a\" data-element_type=\"container\" data-e-type=\"container\">\n\t\t\t\t\t<div class=\"e-con-inner\">\n\t\t<div class=\"elementor-element elementor-element-c2fd724 e-con-full e-flex e-con e-child\" data-id=\"c2fd724\" data-element_type=\"container\" data-e-type=\"container\">\n\t\t\t\t<div class=\"elementor-element elementor-element-5900e29 elementor-widget elementor-widget-image\" data-id=\"5900e29\" data-element_type=\"widget\" data-e-type=\"widget\" data-widget_type=\"image.default\">\n\t\t\t\t\t\t\t\t\t\t\t\t\t\t\t<img fetchpriority=\"high\" decoding=\"async\" width=\"800\" height=\"800\" src=\"https:\/\/stemcellstransplantinstitute.com\/wp-content\/uploads\/2026\/03\/medium-shot-people-travel-agency-1.jpg\" class=\"attachment-large size-large wp-image-31874\" alt=\"- Stem Cells Costa Rica\" srcset=\"https:\/\/stemcellstransplantinstitute.com\/wp-content\/uploads\/2026\/03\/medium-shot-people-travel-agency-1.jpg 1000w, https:\/\/stemcellstransplantinstitute.com\/wp-content\/uploads\/2026\/03\/medium-shot-people-travel-agency-1-300x300.jpg 300w, https:\/\/stemcellstransplantinstitute.com\/wp-content\/uploads\/2026\/03\/medium-shot-people-travel-agency-1-150x150.jpg 150w, https:\/\/stemcellstransplantinstitute.com\/wp-content\/uploads\/2026\/03\/medium-shot-people-travel-agency-1-768x768.jpg 768w\" sizes=\"(max-width: 800px) 100vw, 800px\" title=\"Stem Cells\">\t\t\t\t\t\t\t\t\t\t\t\t\t\t\t<\/div>\n\t\t\t\t<\/div>\n\t\t\t\t<div class=\"elementor-element elementor-element-f08e489 elementor-widget elementor-widget-text-editor\" data-id=\"f08e489\" data-element_type=\"widget\" data-e-type=\"widget\" data-widget_type=\"text-editor.default\">\n\t\t\t\t\t\t\t\t\t<p>Joint Commission International<\/p><p><a href=\"https:\/\/www.jointcommission.org\/en\" target=\"_blank\" rel=\"noopener\">https:\/\/www.jointcommission.org\/en<\/a><\/p><p>Sociedad Internacional para la Aplicaci\u00f3n de C\u00e9lulas Madre<br><a href=\"http:\/\/stemcellglobal.org\/\" target=\"_blank\" rel=\"noopener noreferrer\">http:\/\/stemcellglobal.org\/<\/a><\/p><p>Academia Estadounidense de Medicina Antienvejecimiento y Regenerativa<br><a href=\"https:\/\/www.a4m.com\/our-mission.html\" target=\"_blank\" rel=\"noopener noreferrer\">https:\/\/www.a4m.com\/our-mission.html<\/a><\/p><p>Proveedor de soluciones integrales para aplicaciones con c\u00e9lulas madre<br><a href=\"http:\/\/www.n-biotek.com\/\" target=\"_blank\" rel=\"noopener\">www.n-biotek.com<\/a><\/p><p>Costa Rica Dental Team<br><a href=\"https:\/\/costaricadentalteam.com\/\" target=\"_blank\" rel=\"noopener\">Restauraci\u00f3n Bucal Completa en Costa Rica<\/a><\/p><p><a href=\"https:\/\/tijuanadental.net\/\" target=\"_blank\" rel=\"noopener\">Cl\u00ednica Dental Tijuana &#8211; M\u00e9xico<\/a><\/p>\t\t\t\t\t\t\t\t<\/div>\n\t\t\t\t\t<\/div>\n\t\t\t\t<\/div>\n\t\t\t\t<\/div>\n\t\t","protected":false},"excerpt":{"rendered":"<p>Recursos Medicos Los siguientes recursos incluyen socios de confianza, plataformas educativas y organizaciones alineadas con nuestra misi\u00f3n de promover una atenci\u00f3n regenerativa segura, \u00e9tica y basada en la ciencia. Joint Commission International https:\/\/www.jointcommission.org\/en Sociedad Internacional para la Aplicaci\u00f3n de C\u00e9lulas Madrehttp:\/\/stemcellglobal.org\/ Academia Estadounidense de Medicina Antienvejecimiento y Regenerativahttps:\/\/www.a4m.com\/our-mission.html Proveedor de soluciones integrales para aplicaciones con [&hellip;]<\/p>\n","protected":false},"author":1,"featured_media":0,"parent":0,"menu_order":0,"comment_status":"closed","ping_status":"closed","template":"elementor_header_footer","meta":{"footnotes":""},"class_list":["post-8831","page","type-page","status-publish","hentry"],"_links":{"self":[{"href":"https:\/\/stemcellstransplantinstitute.com\/es\/wp-json\/wp\/v2\/pages\/8831","targetHints":{"allow":["GET"]}}],"collection":[{"href":"https:\/\/stemcellstransplantinstitute.com\/es\/wp-json\/wp\/v2\/pages"}],"about":[{"href":"https:\/\/stemcellstransplantinstitute.com\/es\/wp-json\/wp\/v2\/types\/page"}],"author":[{"embeddable":true,"href":"https:\/\/stemcellstransplantinstitute.com\/es\/wp-json\/wp\/v2\/users\/1"}],"replies":[{"embeddable":true,"href":"https:\/\/stemcellstransplantinstitute.com\/es\/wp-json\/wp\/v2\/comments?post=8831"}],"version-history":[{"count":6,"href":"https:\/\/stemcellstransplantinstitute.com\/es\/wp-json\/wp\/v2\/pages\/8831\/revisions"}],"predecessor-version":[{"id":33322,"href":"https:\/\/stemcellstransplantinstitute.com\/es\/wp-json\/wp\/v2\/pages\/8831\/revisions\/33322"}],"wp:attachment":[{"href":"https:\/\/stemcellstransplantinstitute.com\/es\/wp-json\/wp\/v2\/media?parent=8831"}],"curies":[{"name":"wp","href":"https:\/\/api.w.org\/{rel}","templated":true}]}}