{"id":31903,"date":"2026-03-26T16:15:31","date_gmt":"2026-03-26T22:15:31","guid":{"rendered":"https:\/\/uqmrrv4ffo.onrocket.site\/aviso-de-derechos-de-autor-y-propiedad\/"},"modified":"2026-04-15T06:48:05","modified_gmt":"2026-04-15T12:48:05","slug":"aviso-de-derechos-de-autor-y-propiedad","status":"publish","type":"page","link":"https:\/\/stemcellstransplantinstitute.com\/es\/aviso-de-derechos-de-autor-y-propiedad\/","title":{"rendered":"Aviso de derechos de autor y propiedad"},"content":{"rendered":"\t\t<div data-elementor-type=\"wp-page\" data-elementor-id=\"31903\" class=\"elementor elementor-31903 elementor-28200\" data-elementor-post-type=\"page\">\n\t\t\t\t<div class=\"elementor-element elementor-element-2fd4b25 e-flex e-con-boxed e-con e-parent\" data-id=\"2fd4b25\" data-element_type=\"container\" data-e-type=\"container\" data-settings=\"{&quot;background_background&quot;:&quot;classic&quot;}\">\n\t\t\t\t\t<div class=\"e-con-inner\">\n\t\t\t\t\t<\/div>\n\t\t\t\t<\/div>\n\t\t<div class=\"elementor-element elementor-element-afc2edf e-flex e-con-boxed e-con e-parent\" data-id=\"afc2edf\" data-element_type=\"container\" data-e-type=\"container\">\n\t\t\t\t\t<div class=\"e-con-inner\">\n\t\t\t\t<div class=\"elementor-element elementor-element-6cf445d elementor-widget elementor-widget-heading\" data-id=\"6cf445d\" data-element_type=\"widget\" data-e-type=\"widget\" data-widget_type=\"heading.default\">\n\t\t\t\t\t<h3 class=\"elementor-heading-title elementor-size-default\">Aviso de derechos de autor y propiedad<\/h3>\t\t\t\t<\/div>\n\t\t\t\t<div class=\"elementor-element elementor-element-a9afe23 elementor-widget elementor-widget-text-editor\" data-id=\"a9afe23\" data-element_type=\"widget\" data-e-type=\"widget\" data-widget_type=\"text-editor.default\">\n\t\t\t\t\t\t\t\t\t<p data-start=\"716\" data-end=\"1003\">Todo el contenido, los elementos de dise\u00f1o, las im\u00e1genes, el texto, el dise\u00f1o y el c\u00f3digo subyacente de este sitio web <a class=\"\" href=\"https:\/\/stemcellstransplantinstitute.com\/es\/\" target=\"_new\" rel=\"noopener\" data-start=\"805\" data-end=\"845\">(https:\/\/stemcellstransplantinstitute.com)<\/a> son propiedad exclusiva de <strong data-start=\"877\" data-end=\"912\">Stem Cells Transplant Institute <\/strong>y est\u00e1n protegidos por las leyes internacionales de derechos de autor y propiedad intelectual aplicables.<\/p><p data-start=\"1005\" data-end=\"1178\">Queda estrictamente prohibida cualquier duplicaci\u00f3n, reproducci\u00f3n, distribuci\u00f3n o uso no autorizado de nuestro sitio web o de su contenido, ya sea en parte o en su totalidad, y puede dar lugar a acciones legales.<\/p><h3 data-start=\"1180\" data-end=\"1222\"><span style=\"color: #493087;\"><strong>Registro y supervisi\u00f3n de derechos de autor<\/strong><\/span><\/h3><p data-start=\"1224\" data-end=\"1388\">Supervisamos activamente nuestro contenido digital para detectar copias no autorizadas y usos indebidos. Los sitios web o empresas que plagien nuestro contenido estar\u00e1n sujetos a: <\/p><ul data-start=\"1390\" data-end=\"1528\"><li data-start=\"1390\" data-end=\"1457\"><p style=\"text-align: left;\" data-start=\"1392\" data-end=\"1457\">Quejas DMCA presentadas ante proveedores de alojamiento web y motores de b\u00fasqueda<\/p><\/li><li style=\"text-align: left;\" data-start=\"1458\" data-end=\"1487\"><p data-start=\"1460\" data-end=\"1487\">Acciones legales por da\u00f1os y perjuicios<\/p><\/li><li data-start=\"1488\" data-end=\"1528\"><p style=\"text-align: left;\" data-start=\"1490\" data-end=\"1528\">Exposici\u00f3n p\u00fablica de conductas infractoras<\/p><\/li><\/ul><h3 data-start=\"1530\" data-end=\"1552\"><span style=\"color: #493087;\"><strong>Denunciar infracciones<\/strong><\/span><\/h3><p data-start=\"1554\" data-end=\"1667\">Si cree que alguien ha copiado su contenido o si ha descubierto un sitio web fraudulento, p\u00f3ngase en contacto con nosotros en:<\/p><p data-start=\"1669\" data-end=\"1741\">\ud83d\udce7 <a class=\"cursor-pointer\" rel=\"noopener\" data-start=\"1672\" data-end=\"1709\">info@stemcellstransplantinstitute.com<\/a><br data-start=\"1709\" data-end=\"1712\">\ud83d\udcde +506 2208 8618 \/ +1 888 785 4170<\/p>\t\t\t\t\t\t\t\t<\/div>\n\t\t\t\t\t<\/div>\n\t\t\t\t<\/div>\n\t\t\t\t<\/div>\n\t\t","protected":false},"excerpt":{"rendered":"<p>Aviso de derechos de autor y propiedad Todo el contenido, los elementos de dise\u00f1o, las im\u00e1genes, el texto, el dise\u00f1o y el c\u00f3digo subyacente de este sitio web (https:\/\/stemcellstransplantinstitute.com) son propiedad exclusiva de Stem Cells Transplant Institute y est\u00e1n protegidos por las leyes internacionales de derechos de autor y propiedad intelectual aplicables. Queda estrictamente prohibida [&hellip;]<\/p>\n","protected":false},"author":1,"featured_media":0,"parent":0,"menu_order":0,"comment_status":"closed","ping_status":"closed","template":"","meta":{"footnotes":""},"class_list":["post-31903","page","type-page","status-publish","hentry"],"_links":{"self":[{"href":"https:\/\/stemcellstransplantinstitute.com\/es\/wp-json\/wp\/v2\/pages\/31903","targetHints":{"allow":["GET"]}}],"collection":[{"href":"https:\/\/stemcellstransplantinstitute.com\/es\/wp-json\/wp\/v2\/pages"}],"about":[{"href":"https:\/\/stemcellstransplantinstitute.com\/es\/wp-json\/wp\/v2\/types\/page"}],"author":[{"embeddable":true,"href":"https:\/\/stemcellstransplantinstitute.com\/es\/wp-json\/wp\/v2\/users\/1"}],"replies":[{"embeddable":true,"href":"https:\/\/stemcellstransplantinstitute.com\/es\/wp-json\/wp\/v2\/comments?post=31903"}],"version-history":[{"count":4,"href":"https:\/\/stemcellstransplantinstitute.com\/es\/wp-json\/wp\/v2\/pages\/31903\/revisions"}],"predecessor-version":[{"id":32780,"href":"https:\/\/stemcellstransplantinstitute.com\/es\/wp-json\/wp\/v2\/pages\/31903\/revisions\/32780"}],"wp:attachment":[{"href":"https:\/\/stemcellstransplantinstitute.com\/es\/wp-json\/wp\/v2\/media?parent=31903"}],"curies":[{"name":"wp","href":"https:\/\/api.w.org\/{rel}","templated":true}]}}